{"id":119,"date":"2015-02-02T23:07:15","date_gmt":"2015-02-02T21:07:15","guid":{"rendered":"http:\/\/194.126.113.144\/~saar\/?page_id=119"},"modified":"2026-03-15T15:46:26","modified_gmt":"2026-03-15T13:46:26","slug":"kontakt","status":"publish","type":"page","link":"https:\/\/www.saaremassaaz.ee\/?page_id=119","title":{"rendered":"Kontakt"},"content":{"rendered":"<p><a href=\"https:\/\/www.saaremassaaz.ee\/?attachment_id=123\" target=\"_blank\" rel=\"noopener\"><img loading=\"lazy\" decoding=\"async\" class=\"alignright size-medium wp-image-123\" src=\"http:\/\/194.126.113.144\/~saar\/wp-content\/uploads\/2015\/02\/massaaz.kontakt-300x225.jpg\" alt=\"massaaz.kontakt\" width=\"300\" height=\"225\" srcset=\"https:\/\/www.saaremassaaz.ee\/wp-content\/uploads\/2015\/02\/massaaz.kontakt-300x225.jpg 300w, https:\/\/www.saaremassaaz.ee\/wp-content\/uploads\/2015\/02\/massaaz.kontakt.jpg 1024w\" sizes=\"auto, (max-width: 300px) 100vw, 300px\" \/><\/a><span style=\"color: #993366;\"><strong>O\u00dc Saaremassaa\u017e<\/strong><\/span><\/p>\n<p><span style=\"color: #008000;\">\u00c4riregistri kood 12453652<\/span><br \/><span style=\"color: #008000;\"> Saare maakond 93813<\/span><br \/><span style=\"color: #008000;\"> Tolli tn 9 Kuressaare linn<\/span><br \/><span style=\"color: #008000;\"> Asub \u00a0Kesklinnast ainult 3-5 minutilise jalutusk\u00e4igu kaugusel<\/span><br \/><span style=\"color: #800080;\">Vaata\u00a0<\/span><span style=\"color: #993366;\"><a style=\"color: #993366;\" href=\"https:\/\/www.google.ee\/maps\/place\/Saaremassaa%C5%BE+o%C3%BC,+Tolli+9,+Kuressaare,+93813+Saare+maakond\/@58.2523447,22.4797161,17z\/data=!4m2!3m1!1s0x46f26ce23892d4c9:0x5b39632c396b067e\" target=\"_blank\" rel=\"noopener\"><strong>Kaarti\u00a0<\/strong><\/a><\/span>!<br \/><span style=\"color: #008000;\">Hoolitsuste ja koduvisiitide aeg palun eelnevalt broneerida helistades,sms-i v\u00f5i meili teel.<\/span><br \/><span style=\"color: #008000;\"> Mobiili nr. (+372) 51-06-892<\/span><br \/><span style=\"color: #008000;\"> E-mail: saaremassaaz@gmail.com<\/span><\/p>\n<p><span style=\"color: #008000;\">NB! Massaa\u017ei teeb \u00fcle 20. aastase kogemusega kutsetunnistusega mass\u00f6\u00f6r.<\/span><\/p>\n<p>\u00a0<\/p>\n\n\n<p><\/p>\n","protected":false},"excerpt":{"rendered":"<p>O\u00dc Saaremassaa\u017e \u00c4riregistri kood 12453652 Saare maakond 93813 Tolli tn 9 Kuressaare linn Asub \u00a0Kesklinnast ainult 3-5 minutilise jalutusk\u00e4igu kauguselVaata\u00a0Kaarti\u00a0!Hoolitsuste ja koduvisiitide aeg palun eelnevalt broneerida helistades,sms-i v\u00f5i meili teel. Mobiili nr. (+372) 51-06-892 E-mail: saaremassaaz@gmail.com NB! Massaa\u017ei teeb \u00fcle 20. aastase kogemusega kutsetunnistusega mass\u00f6\u00f6r. \u00a0<\/p>\n","protected":false},"author":1,"featured_media":0,"parent":0,"menu_order":0,"comment_status":"closed","ping_status":"closed","template":"","meta":{"footnotes":""},"class_list":["post-119","page","type-page","status-publish","hentry"],"aioseo_notices":[],"_links":{"self":[{"href":"https:\/\/www.saaremassaaz.ee\/index.php?rest_route=\/wp\/v2\/pages\/119","targetHints":{"allow":["GET"]}}],"collection":[{"href":"https:\/\/www.saaremassaaz.ee\/index.php?rest_route=\/wp\/v2\/pages"}],"about":[{"href":"https:\/\/www.saaremassaaz.ee\/index.php?rest_route=\/wp\/v2\/types\/page"}],"author":[{"embeddable":true,"href":"https:\/\/www.saaremassaaz.ee\/index.php?rest_route=\/wp\/v2\/users\/1"}],"replies":[{"embeddable":true,"href":"https:\/\/www.saaremassaaz.ee\/index.php?rest_route=%2Fwp%2Fv2%2Fcomments&post=119"}],"version-history":[{"count":17,"href":"https:\/\/www.saaremassaaz.ee\/index.php?rest_route=\/wp\/v2\/pages\/119\/revisions"}],"predecessor-version":[{"id":790,"href":"https:\/\/www.saaremassaaz.ee\/index.php?rest_route=\/wp\/v2\/pages\/119\/revisions\/790"}],"wp:attachment":[{"href":"https:\/\/www.saaremassaaz.ee\/index.php?rest_route=%2Fwp%2Fv2%2Fmedia&parent=119"}],"curies":[{"name":"wp","href":"https:\/\/api.w.org\/{rel}","templated":true}]}}