{"id":135,"date":"2015-02-03T01:58:48","date_gmt":"2015-02-02T23:58:48","guid":{"rendered":"http:\/\/194.126.113.144\/~saar\/?page_id=135"},"modified":"2015-02-06T10:30:44","modified_gmt":"2015-02-06T08:30:44","slug":"naidustused","status":"publish","type":"page","link":"https:\/\/www.saaremassaaz.ee\/?page_id=135","title":{"rendered":"N\u00e4idustused"},"content":{"rendered":"<ul>\n<li><a href=\"https:\/\/www.saaremassaaz.ee\/wp-content\/uploads\/2015\/02\/Teesistes.jpg\"><img loading=\"lazy\" decoding=\"async\" class=\"alignright size-medium wp-image-296\" src=\"https:\/\/www.saaremassaaz.ee\/wp-content\/uploads\/2015\/02\/Teesistes-300x225.jpg\" alt=\"Teesistes\" width=\"300\" height=\"225\" srcset=\"https:\/\/www.saaremassaaz.ee\/wp-content\/uploads\/2015\/02\/Teesistes-300x225.jpg 300w, https:\/\/www.saaremassaaz.ee\/wp-content\/uploads\/2015\/02\/Teesistes.jpg 1024w\" sizes=\"auto, (max-width: 300px) 100vw, 300px\" \/><\/a><span style=\"color: #008000;\">Lihaspinged, lihaste valulikkus<\/span><\/li>\n<li><span style=\"color: #008000;\">Liigesliikuvuse v\u00e4henemine<\/span><\/li>\n<li><span style=\"color: #008000;\">Vale kehahoiak, halb r\u00fcht<\/span><\/li>\n<li><span style=\"color: #008000;\">Pingepeavalu<\/span><\/li>\n<li><span style=\"color: #008000;\">Aeglane vere- ja l\u00fcmfiringlus<\/span><\/li>\n<li><span style=\"color: #008000;\">Verevarustush\u00e4ired<\/span><\/li>\n<li><span style=\"color: #008000;\">Aeglustunud soolteperistaltika<\/span><\/li>\n<li><span style=\"color: #008000;\">Vedelike ja j\u00e4\u00e4kainete kogunemine organismi<\/span><\/li>\n<li><span style=\"color: #008000;\">Naha v\u00e4sinud ilme ja kuivus, kortsude tekkimine<\/span><\/li>\n<li><span style=\"color: #008000;\">Raskendatud hingamine<\/span><\/li>\n<li><span style=\"color: #008000;\">Immuuns\u00fcsteemi n\u00f5rkus<\/span><\/li>\n<li><span style=\"color: #008000;\">Verer\u00f5hu kerge t\u00f5us<\/span><\/li>\n<li><span style=\"color: #008000;\">Kehv enesetunne, masendus<\/span><\/li>\n<li><span style=\"color: #008000;\">Uneh\u00e4ired<\/span><\/li>\n<li><span style=\"color: #008000;\">N\u00e4rvilisus, m\u00f5\u00f5dukas stress<\/span><\/li>\n<li><span style=\"color: #008000;\">Vaimne tasakaalutus<\/span><\/li>\n<li><span style=\"color: #008000;\">V\u00e4simus vaimsest t\u00f6\u00f6st<\/span><\/li>\n<li><span style=\"color: #008000;\">T\u00e4helepanuv\u00f5ime langus<\/span><\/li>\n<\/ul>\n","protected":false},"excerpt":{"rendered":"<p>Lihaspinged, lihaste valulikkus Liigesliikuvuse v\u00e4henemine Vale kehahoiak, halb r\u00fcht Pingepeavalu Aeglane vere- ja l\u00fcmfiringlus Verevarustush\u00e4ired Aeglustunud soolteperistaltika Vedelike ja j\u00e4\u00e4kainete kogunemine organismi Naha v\u00e4sinud ilme ja kuivus, kortsude tekkimine Raskendatud hingamine Immuuns\u00fcsteemi n\u00f5rkus Verer\u00f5hu kerge t\u00f5us Kehv enesetunne, masendus Uneh\u00e4ired N\u00e4rvilisus, m\u00f5\u00f5dukas stress Vaimne tasakaalutus V\u00e4simus vaimsest t\u00f6\u00f6st T\u00e4helepanuv\u00f5ime langus<\/p>\n","protected":false},"author":1,"featured_media":0,"parent":0,"menu_order":0,"comment_status":"closed","ping_status":"closed","template":"","meta":{"footnotes":""},"class_list":["post-135","page","type-page","status-publish","hentry"],"aioseo_notices":[],"_links":{"self":[{"href":"https:\/\/www.saaremassaaz.ee\/index.php?rest_route=\/wp\/v2\/pages\/135","targetHints":{"allow":["GET"]}}],"collection":[{"href":"https:\/\/www.saaremassaaz.ee\/index.php?rest_route=\/wp\/v2\/pages"}],"about":[{"href":"https:\/\/www.saaremassaaz.ee\/index.php?rest_route=\/wp\/v2\/types\/page"}],"author":[{"embeddable":true,"href":"https:\/\/www.saaremassaaz.ee\/index.php?rest_route=\/wp\/v2\/users\/1"}],"replies":[{"embeddable":true,"href":"https:\/\/www.saaremassaaz.ee\/index.php?rest_route=%2Fwp%2Fv2%2Fcomments&post=135"}],"version-history":[{"count":6,"href":"https:\/\/www.saaremassaaz.ee\/index.php?rest_route=\/wp\/v2\/pages\/135\/revisions"}],"predecessor-version":[{"id":365,"href":"https:\/\/www.saaremassaaz.ee\/index.php?rest_route=\/wp\/v2\/pages\/135\/revisions\/365"}],"wp:attachment":[{"href":"https:\/\/www.saaremassaaz.ee\/index.php?rest_route=%2Fwp%2Fv2%2Fmedia&parent=135"}],"curies":[{"name":"wp","href":"https:\/\/api.w.org\/{rel}","templated":true}]}}