{"id":174,"date":"2015-02-03T17:32:51","date_gmt":"2015-02-03T15:32:51","guid":{"rendered":"http:\/\/194.126.113.144\/~saar\/?page_id=174"},"modified":"2015-02-04T19:45:31","modified_gmt":"2015-02-04T17:45:31","slug":"vastunaustused","status":"publish","type":"page","link":"https:\/\/www.saaremassaaz.ee\/?page_id=174","title":{"rendered":"Vastun\u00e4idustused"},"content":{"rendered":"<ul>\n<li><span style=\"color: #d91a1a;\">V\u00e4hk, igasugune kasvajaprotsess v<a style=\"color: #d91a1a;\" href=\"https:\/\/www.saaremassaaz.ee\/wp-content\/uploads\/2015\/02\/Vastunaidistused.jpg\"><img loading=\"lazy\" decoding=\"async\" class=\"alignright size-medium wp-image-279\" src=\"https:\/\/www.saaremassaaz.ee\/wp-content\/uploads\/2015\/02\/Vastunaidistused-300x225.jpg\" alt=\"Vastunaidistused\" width=\"300\" height=\"225\" srcset=\"https:\/\/www.saaremassaaz.ee\/wp-content\/uploads\/2015\/02\/Vastunaidistused-300x225.jpg 300w, https:\/\/www.saaremassaaz.ee\/wp-content\/uploads\/2015\/02\/Vastunaidistused.jpg 1024w\" sizes=\"auto, (max-width: 300px) 100vw, 300px\" \/><\/a>\u00f4i -kahtlus (viib v\u00e4hirakud koldest laiali)<\/span><\/li>\n<li><span style=\"color: #d91a1a;\">P\u00f5letikulised haigused (palavik &#8211; toob kaasa \u00e4genemise)<\/span><\/li>\n<li><span style=\"color: #d91a1a;\">\u00c4gedad traumad (luumurrud, rebendid, p\u00f4rutused)<\/span><\/li>\n<li><span style=\"color: #d91a1a;\">Joobeseisund (ebaadekvaatne muude n\u00e4idustuste osas)<\/span><\/li>\n<li><span style=\"color: #d91a1a;\">\u00c4ge s\u00fcdamepuudulikkus (ei tule suureneva koormusega toime)<\/span><\/li>\n<li><span style=\"color: #d91a1a;\">\u00c4ge neerupuudulikkus (ei tule suureneva koormusega toime)<\/span><\/li>\n<li><span style=\"color: #d91a1a;\">\u00c4ge maksapuudulikkus (ei tule suureneva koormusega toime)<\/span><\/li>\n<li><span style=\"color: #d91a1a;\">Kilpn\u00e4\u00e4rmehaigused<\/span><\/li>\n<li><span style=\"color: #d91a1a;\">M\u00e4dased haavad<\/span><\/li>\n<li><span style=\"color: #d91a1a;\">Veenip\u00f5letikud<\/span><\/li>\n<li><span style=\"color: #d91a1a;\">Verejooksud<\/span><\/li>\n<li><span style=\"color: #d91a1a;\">Tromboosi v\u00f4i emboolia oht (veresoone topistumine vereh\u00fc\u00fcvete, kasvajarakkude, bakterikogumikega &#8211; gangreeni ja insuldioht)<\/span><\/li>\n<li><span style=\"color: #d91a1a;\">Raseduse katkemisoht<\/span><\/li>\n<li><span style=\"color: #d91a1a;\">Suured s\u00fcnnim\u00e4rgid ja verevalumid masseeritavas piirkonnas<\/span><\/li>\n<li><span style=\"color: #d91a1a;\">Liiga k\u00f5rge v\u00f5i madal verer\u00f5hk (lubatud spetsiaalne ravimassaa\u017e)<\/span><\/li>\n<li><span style=\"color: #d91a1a;\">Osad nahahaigused (kontaktdermatiit &#8211; nahap\u00f5letik, seened &#8211; oht mass\u00f6\u00f6rile)<\/span><\/li>\n<li><span style=\"color: #d91a1a;\">Tuberkuloos jt nakkushaigused, sh suguhaigused<\/span><\/li>\n<li><span style=\"color: #d91a1a;\">Luupus, sidekoe k\u00e4rbumine<\/span><\/li>\n<li><span style=\"color: #d91a1a;\">Emf\u00fcseem (puhitus, \u00f5hu liigkogunemine elundeisse; gaaside kogunemine kudedesse, kus neid harilikult ei esine)<\/span><\/li>\n<li><span style=\"color: #d91a1a;\">Afektiivsed (tundmuslikud) ps\u00fc\u00fchilised seisundid (neurasteenia, \u00e4ge stress)<\/span><\/li>\n<li><span style=\"color: #d91a1a;\">\u00dcldine kurnatus (lubatud \u00f5rn silumine, keelatud lisakoormus)<\/span><\/li>\n<\/ul>\n<p>&nbsp;<\/p>\n","protected":false},"excerpt":{"rendered":"<p>V\u00e4hk, igasugune kasvajaprotsess v\u00f4i -kahtlus (viib v\u00e4hirakud koldest laiali) P\u00f5letikulised haigused (palavik &#8211; toob kaasa \u00e4genemise) \u00c4gedad traumad (luumurrud, rebendid, p\u00f4rutused) Joobeseisund (ebaadekvaatne muude n\u00e4idustuste osas) \u00c4ge s\u00fcdamepuudulikkus (ei tule suureneva koormusega toime) \u00c4ge neerupuudulikkus (ei tule suureneva koormusega toime) \u00c4ge maksapuudulikkus (ei tule suureneva koormusega toime) Kilpn\u00e4\u00e4rmehaigused M\u00e4dased haavad Veenip\u00f5letikud Verejooksud Tromboosi v\u00f4i emboolia [&hellip;]<\/p>\n","protected":false},"author":1,"featured_media":0,"parent":0,"menu_order":0,"comment_status":"closed","ping_status":"closed","template":"","meta":{"footnotes":""},"class_list":["post-174","page","type-page","status-publish","hentry"],"aioseo_notices":[],"_links":{"self":[{"href":"https:\/\/www.saaremassaaz.ee\/index.php?rest_route=\/wp\/v2\/pages\/174","targetHints":{"allow":["GET"]}}],"collection":[{"href":"https:\/\/www.saaremassaaz.ee\/index.php?rest_route=\/wp\/v2\/pages"}],"about":[{"href":"https:\/\/www.saaremassaaz.ee\/index.php?rest_route=\/wp\/v2\/types\/page"}],"author":[{"embeddable":true,"href":"https:\/\/www.saaremassaaz.ee\/index.php?rest_route=\/wp\/v2\/users\/1"}],"replies":[{"embeddable":true,"href":"https:\/\/www.saaremassaaz.ee\/index.php?rest_route=%2Fwp%2Fv2%2Fcomments&post=174"}],"version-history":[{"count":6,"href":"https:\/\/www.saaremassaaz.ee\/index.php?rest_route=\/wp\/v2\/pages\/174\/revisions"}],"predecessor-version":[{"id":289,"href":"https:\/\/www.saaremassaaz.ee\/index.php?rest_route=\/wp\/v2\/pages\/174\/revisions\/289"}],"wp:attachment":[{"href":"https:\/\/www.saaremassaaz.ee\/index.php?rest_route=%2Fwp%2Fv2%2Fmedia&parent=174"}],"curies":[{"name":"wp","href":"https:\/\/api.w.org\/{rel}","templated":true}]}}