{"id":207,"date":"2015-02-04T15:08:03","date_gmt":"2015-02-04T13:08:03","guid":{"rendered":"http:\/\/www.saaremassaaz.ee\/?page_id=207"},"modified":"2025-12-07T12:25:27","modified_gmt":"2025-12-07T10:25:27","slug":"lumfimassaaz","status":"publish","type":"page","link":"https:\/\/www.saaremassaaz.ee\/?page_id=207","title":{"rendered":"SITUATSIOONIP\u00d5HINE MASSAA\u017d ja L\u00dcMFIMASSAA\u017d"},"content":{"rendered":"<p><span style=\"color: #008000;\">Situatsioonip\u00f5hine massaa\u017e keskendub kliendi probleemi lahendamisele. Massaa\u017ei v\u00f5tteid teostatakse kindlal kehapiirkonnal ning erinevaid massaa\u017ei- ja teraapialiike valitakse vastavalt probleemi spetsiifikale. Vajadusel teostatakse enne massaa\u017ei lihastestimised ning mass\u00f6\u00f6r jagab soovitusi edasisteks tegevusteks.\u00a0<\/span><\/p>\n<p><span style=\"color: #008000;\">L\u00fcmfimassaa\u017e m\u00f5jutab l\u00fcmfiringe kaudu vere-, l\u00fcmfi- ja sidekoevedelikke.L\u00fcmfisoonte ja l\u00fcmfis\u00f5lmede \u00fclessandeks on<img loading=\"lazy\" decoding=\"async\" class=\"alignright size-medium wp-image-257\" src=\"https:\/\/www.saaremassaaz.ee\/wp-content\/uploads\/2015\/02\/LUMFI-MASSAZ-300x225.jpg\" alt=\"LUMFI-MASSAZ\" width=\"300\" height=\"225\" srcset=\"https:\/\/www.saaremassaaz.ee\/wp-content\/uploads\/2015\/02\/LUMFI-MASSAZ-300x225.jpg 300w, https:\/\/www.saaremassaaz.ee\/wp-content\/uploads\/2015\/02\/LUMFI-MASSAZ.jpg 1024w\" sizes=\"auto, (max-width: 300px) 100vw, 300px\" \/><\/span><br \/>\n<span style=\"color: #008000;\">eemaldada organismist j\u00e4\u00e4kaineid.<\/span><br \/>\n<span style=\"color: #008000;\"> Ergutada organismi puhastust\u00f6\u00f6d,<\/span><br \/>\n<span style=\"color: #008000;\"> stimuleerides l\u00fcmfivedeliku voolamist l\u00fcmfiteedes.<\/span><br \/>\n<span style=\"color: #008000;\"> Teraapia on eriti sobilik neile, kellel on l\u00fcmfiringe h\u00e4ired,<\/span><br \/>\n<span style=\"color: #008000;\"> tursed ja vedelikupeetus. L\u00fcmfide m\u00f5jutamine ei ole valulik,<\/span><br \/>\n<span style=\"color: #008000;\"> see on \u00f5rnalt sooritatav ravimassaa\u017e.<\/span><\/p>\n","protected":false},"excerpt":{"rendered":"<p>Situatsioonip\u00f5hine massaa\u017e keskendub kliendi probleemi lahendamisele. Massaa\u017ei v\u00f5tteid teostatakse kindlal kehapiirkonnal ning erinevaid massaa\u017ei- ja teraapialiike valitakse vastavalt probleemi spetsiifikale. Vajadusel teostatakse enne massaa\u017ei lihastestimised ning mass\u00f6\u00f6r jagab soovitusi edasisteks tegevusteks.\u00a0 L\u00fcmfimassaa\u017e m\u00f5jutab l\u00fcmfiringe kaudu vere-, l\u00fcmfi- ja sidekoevedelikke.L\u00fcmfisoonte ja l\u00fcmfis\u00f5lmede \u00fclessandeks on eemaldada organismist j\u00e4\u00e4kaineid. Ergutada organismi puhastust\u00f6\u00f6d, stimuleerides l\u00fcmfivedeliku voolamist l\u00fcmfiteedes. Teraapia on [&hellip;]<\/p>\n","protected":false},"author":1,"featured_media":0,"parent":0,"menu_order":0,"comment_status":"closed","ping_status":"closed","template":"","meta":{"footnotes":""},"class_list":["post-207","page","type-page","status-publish","hentry"],"aioseo_notices":[],"_links":{"self":[{"href":"https:\/\/www.saaremassaaz.ee\/index.php?rest_route=\/wp\/v2\/pages\/207","targetHints":{"allow":["GET"]}}],"collection":[{"href":"https:\/\/www.saaremassaaz.ee\/index.php?rest_route=\/wp\/v2\/pages"}],"about":[{"href":"https:\/\/www.saaremassaaz.ee\/index.php?rest_route=\/wp\/v2\/types\/page"}],"author":[{"embeddable":true,"href":"https:\/\/www.saaremassaaz.ee\/index.php?rest_route=\/wp\/v2\/users\/1"}],"replies":[{"embeddable":true,"href":"https:\/\/www.saaremassaaz.ee\/index.php?rest_route=%2Fwp%2Fv2%2Fcomments&post=207"}],"version-history":[{"count":6,"href":"https:\/\/www.saaremassaaz.ee\/index.php?rest_route=\/wp\/v2\/pages\/207\/revisions"}],"predecessor-version":[{"id":754,"href":"https:\/\/www.saaremassaaz.ee\/index.php?rest_route=\/wp\/v2\/pages\/207\/revisions\/754"}],"wp:attachment":[{"href":"https:\/\/www.saaremassaaz.ee\/index.php?rest_route=%2Fwp%2Fv2%2Fmedia&parent=207"}],"curies":[{"name":"wp","href":"https:\/\/api.w.org\/{rel}","templated":true}]}}