{"id":216,"date":"2015-02-04T15:19:54","date_gmt":"2015-02-04T13:19:54","guid":{"rendered":"http:\/\/www.saaremassaaz.ee\/?page_id=216"},"modified":"2015-02-06T10:52:35","modified_gmt":"2015-02-06T08:52:35","slug":"laavakivimassaaz","status":"publish","type":"page","link":"https:\/\/www.saaremassaaz.ee\/?page_id=216","title":{"rendered":"LAAVAKIVIMASSAA\u017d"},"content":{"rendered":"<p><span style=\"color: #008000;\">Populaarne\u00a0massaa\u017e on tuhandeid aastaid vana Hiina raviviis,<img loading=\"lazy\" decoding=\"async\" class=\"alignright size-medium wp-image-261\" src=\"https:\/\/www.saaremassaaz.ee\/wp-content\/uploads\/2015\/02\/LAAVAKIVI-MASSAAZ-kuressaare-300x225.jpg\" alt=\"LAAVAKIVI-MASSAAZ-kuressaare\" width=\"300\" height=\"225\" srcset=\"https:\/\/www.saaremassaaz.ee\/wp-content\/uploads\/2015\/02\/LAAVAKIVI-MASSAAZ-kuressaare-300x225.jpg 300w, https:\/\/www.saaremassaaz.ee\/wp-content\/uploads\/2015\/02\/LAAVAKIVI-MASSAAZ-kuressaare.jpg 1024w\" sizes=\"auto, (max-width: 300px) 100vw, 300px\" \/><\/span><br \/>\n<span style=\"color: #008000;\"> mida teostatakse kuumade laavakivide ja eriliste \u00f5lisegudega.<\/span><br \/>\n<span style=\"color: #008000;\"> Selle abil toimub t\u0161akrate avanemine<\/span><br \/>\n<span style=\"color: #008000;\"> ja organismi energeetiline m\u00f5jutamine ning laadimine.<\/span><br \/>\n<span style=\"color: #008000;\"> P\u00e4rast seanssi kaovad v\u00e4simus ja stress ning tunnete tulvavat eluenergiat.<\/span><\/p>\n","protected":false},"excerpt":{"rendered":"<p>Populaarne\u00a0massaa\u017e on tuhandeid aastaid vana Hiina raviviis, mida teostatakse kuumade laavakivide ja eriliste \u00f5lisegudega. Selle abil toimub t\u0161akrate avanemine ja organismi energeetiline m\u00f5jutamine ning laadimine. P\u00e4rast seanssi kaovad v\u00e4simus ja stress ning tunnete tulvavat eluenergiat.<\/p>\n","protected":false},"author":1,"featured_media":0,"parent":0,"menu_order":0,"comment_status":"closed","ping_status":"closed","template":"","meta":{"footnotes":""},"class_list":["post-216","page","type-page","status-publish","hentry"],"aioseo_notices":[],"_links":{"self":[{"href":"https:\/\/www.saaremassaaz.ee\/index.php?rest_route=\/wp\/v2\/pages\/216","targetHints":{"allow":["GET"]}}],"collection":[{"href":"https:\/\/www.saaremassaaz.ee\/index.php?rest_route=\/wp\/v2\/pages"}],"about":[{"href":"https:\/\/www.saaremassaaz.ee\/index.php?rest_route=\/wp\/v2\/types\/page"}],"author":[{"embeddable":true,"href":"https:\/\/www.saaremassaaz.ee\/index.php?rest_route=\/wp\/v2\/users\/1"}],"replies":[{"embeddable":true,"href":"https:\/\/www.saaremassaaz.ee\/index.php?rest_route=%2Fwp%2Fv2%2Fcomments&post=216"}],"version-history":[{"count":6,"href":"https:\/\/www.saaremassaaz.ee\/index.php?rest_route=\/wp\/v2\/pages\/216\/revisions"}],"predecessor-version":[{"id":375,"href":"https:\/\/www.saaremassaaz.ee\/index.php?rest_route=\/wp\/v2\/pages\/216\/revisions\/375"}],"wp:attachment":[{"href":"https:\/\/www.saaremassaaz.ee\/index.php?rest_route=%2Fwp%2Fv2%2Fmedia&parent=216"}],"curies":[{"name":"wp","href":"https:\/\/api.w.org\/{rel}","templated":true}]}}