{"id":220,"date":"2015-02-04T15:27:01","date_gmt":"2015-02-04T13:27:01","guid":{"rendered":"http:\/\/www.saaremassaaz.ee\/?page_id=220"},"modified":"2015-02-06T10:54:35","modified_gmt":"2015-02-06T08:54:35","slug":"kupumassaaz","status":"publish","type":"page","link":"https:\/\/www.saaremassaaz.ee\/?page_id=220","title":{"rendered":"KUPUMASSAA\u017d"},"content":{"rendered":"<p><span style=\"color: #008000;\">Kupumassaa\u017e on massaa\u017eiliik,<img loading=\"lazy\" decoding=\"async\" class=\"alignright size-medium wp-image-263\" src=\"https:\/\/www.saaremassaaz.ee\/wp-content\/uploads\/2015\/02\/kupumassaaz-300x225.jpg\" alt=\"kupumassaaz\" width=\"300\" height=\"225\" srcset=\"https:\/\/www.saaremassaaz.ee\/wp-content\/uploads\/2015\/02\/kupumassaaz-300x225.jpg 300w, https:\/\/www.saaremassaaz.ee\/wp-content\/uploads\/2015\/02\/kupumassaaz.jpg 1024w\" sizes=\"auto, (max-width: 300px) 100vw, 300px\" \/><\/span><span style=\"color: #008000;\">kus kasutatakse erinevast materjalist<\/span><br \/>\n<span style=\"color: #008000;\"> (kumm, silikoon, klaas ja savi) valmistatud ja erineva suurusega kuppe.<\/span><br \/>\n<span style=\"color: #008000;\"> Kupumassaa\u017ei tehakse lihastele, liigestele ja punktmassaa\u017eina.<\/span><br \/>\n<span style=\"color: #008000;\"> Massaa\u017ei erip\u00e4raks on kuppude abil tekitatav vaakum,<\/span><br \/>\n<span style=\"color: #008000;\"> mis saavutatakse kuppe kehapinnale asetades.<\/span><br \/>\n<span style=\"color: #008000;\"> Kupumassaa\u017e kombineeritakse klassikalise massaa\u017eiga.<\/span><br \/>\n<span style=\"color: #008000;\"> Selleks kasutatakse erineva suurusega kummist kuppe.<\/span><br \/>\n<span style=\"color: #008000;\"> Masseeriv efekt saavutatakse kupu abil tekitatava vaakumiga.<\/span><br \/>\n<span style=\"color: #008000;\"> Kupp imeb endasse hulgaliselt pehmeid kudesid,<\/span><br \/>\n<span style=\"color: #008000;\"> lihaseid ja nahka nii vertikaal- kui ka horisontaalsuunas.<\/span><br \/>\n<span style=\"color: #008000;\"> Selle tulemusena saab kudesid intensiivsemalt t\u00f6\u00f6delda, organismi l\u00fcmfi- ja vereringet ning ainevahetusprotsesse parandada. Vaakum v\u00e4hendab lihaspingeid, trimmib nahka ja puhastab poore. Parandab naha funktsionaalset aktiivsust, siseorganite t\u00f6\u00f6d ja verevarustust, puhastab nahka, t\u00f5stab naha kaitse- ja regeneratsiooniv\u00f5imet ning akupunktuuripunktide reaktsioone. Eriti hea vahend kopsuhaiguste raviks.<\/span><\/p>\n","protected":false},"excerpt":{"rendered":"<p>Kupumassaa\u017e on massaa\u017eiliik,kus kasutatakse erinevast materjalist (kumm, silikoon, klaas ja savi) valmistatud ja erineva suurusega kuppe. Kupumassaa\u017ei tehakse lihastele, liigestele ja punktmassaa\u017eina. Massaa\u017ei erip\u00e4raks on kuppude abil tekitatav vaakum, mis saavutatakse kuppe kehapinnale asetades. Kupumassaa\u017e kombineeritakse klassikalise massaa\u017eiga. Selleks kasutatakse erineva suurusega kummist kuppe. Masseeriv efekt saavutatakse kupu abil tekitatava vaakumiga. Kupp imeb endasse hulgaliselt [&hellip;]<\/p>\n","protected":false},"author":1,"featured_media":0,"parent":0,"menu_order":0,"comment_status":"closed","ping_status":"closed","template":"","meta":{"footnotes":""},"class_list":["post-220","page","type-page","status-publish","hentry"],"aioseo_notices":[],"_links":{"self":[{"href":"https:\/\/www.saaremassaaz.ee\/index.php?rest_route=\/wp\/v2\/pages\/220","targetHints":{"allow":["GET"]}}],"collection":[{"href":"https:\/\/www.saaremassaaz.ee\/index.php?rest_route=\/wp\/v2\/pages"}],"about":[{"href":"https:\/\/www.saaremassaaz.ee\/index.php?rest_route=\/wp\/v2\/types\/page"}],"author":[{"embeddable":true,"href":"https:\/\/www.saaremassaaz.ee\/index.php?rest_route=\/wp\/v2\/users\/1"}],"replies":[{"embeddable":true,"href":"https:\/\/www.saaremassaaz.ee\/index.php?rest_route=%2Fwp%2Fv2%2Fcomments&post=220"}],"version-history":[{"count":7,"href":"https:\/\/www.saaremassaaz.ee\/index.php?rest_route=\/wp\/v2\/pages\/220\/revisions"}],"predecessor-version":[{"id":377,"href":"https:\/\/www.saaremassaaz.ee\/index.php?rest_route=\/wp\/v2\/pages\/220\/revisions\/377"}],"wp:attachment":[{"href":"https:\/\/www.saaremassaaz.ee\/index.php?rest_route=%2Fwp%2Fv2%2Fmedia&parent=220"}],"curies":[{"name":"wp","href":"https:\/\/api.w.org\/{rel}","templated":true}]}}