{"id":236,"date":"2015-02-04T16:02:30","date_gmt":"2015-02-04T14:02:30","guid":{"rendered":"http:\/\/www.saaremassaaz.ee\/?page_id=236"},"modified":"2015-02-06T10:56:08","modified_gmt":"2015-02-06T08:56:08","slug":"sokolaadimassaaz","status":"publish","type":"page","link":"https:\/\/www.saaremassaaz.ee\/?page_id=236","title":{"rendered":"\u0160OKOLAADIMASSAA\u017d"},"content":{"rendered":"<p><a href=\"https:\/\/www.saaremassaaz.ee\/wp-content\/uploads\/2015\/02\/SOKOLAADI-MASSAAZ.jpg\"><img loading=\"lazy\" decoding=\"async\" class=\"alignright size-medium wp-image-265\" src=\"https:\/\/www.saaremassaaz.ee\/wp-content\/uploads\/2015\/02\/SOKOLAADI-MASSAAZ-300x225.jpg\" alt=\"SOKOLAADI-MASSAAZ\" width=\"300\" height=\"225\" srcset=\"https:\/\/www.saaremassaaz.ee\/wp-content\/uploads\/2015\/02\/SOKOLAADI-MASSAAZ-300x225.jpg 300w, https:\/\/www.saaremassaaz.ee\/wp-content\/uploads\/2015\/02\/SOKOLAADI-MASSAAZ.jpg 1024w\" sizes=\"auto, (max-width: 300px) 100vw, 300px\" \/><\/a><span style=\"color: #008000;\">\u0160okolaadimassaa\u017e rikastab sind m\u00f5nusa energia- ja hea tuju annusega.<\/span><br \/>\n<span style=\"color: #008000;\"> See on sensuaalne massaa\u017e nii kehale kui\u00a0 vaimule.<\/span><br \/>\n<span style=\"color: #008000;\"> \u0160okolaadil on tugev rahustav m\u00f5ju,<\/span><br \/>\n<span style=\"color: #008000;\"> mis aitab peletada stressi ja tekitab \u00f5nnehormoone<\/span><br \/>\n<span style=\"color: #008000;\"> ning \u0161okolaadi\u00f5lil on\u00a0\u00a0\u00a0 samas niisutav toime,<\/span><br \/>\n<span style=\"color: #008000;\"> parandab ainevahetust, taastab ja toidab nahka.<\/span><br \/>\n<span style=\"color: #008000;\"> Niisutab, toidab, toniseerib nahka. Toidab nahka A ja E vitamiinidega.<\/span><br \/>\n<span style=\"color: #008000;\"> P\u00e4rast protseduuri on nahk sametiselt pehme.<\/span><br \/>\n<span style=\"color: #008000;\"> Soodustab endorfiinide tootmist. Endorfiin tekib ajus kui ka ajuripatsis,<\/span><br \/>\n<span style=\"color: #008000;\"> ergutades organismi hormonaalset regulatsiooni ning toimides \u00fchtlasi soodsalt m\u00e4lule, seksuaaltalitlusele, \u00f5ppimisele, loob \u00f5nnetunde. Samal ajal on endorfiinil ka valu vaigistav ja immuunsust tugevdav toime.<\/span><br \/>\n<span style=\"color: #008000;\"> Endorfiin stimuleerib naharakke, mis osalevad aktiivselt v\u00f5itluses naha vananemise vastu ning aeglustab kortsude teket. Sisaldab looduslikku antioks\u00fcdanti, millel on kasulik m\u00f5ju vereringele.<\/span><br \/>\n<span style=\"color: #008000;\"> Ideaalne kosmeetiline vahend 40+ \u00a0inimesele.<\/span><\/p>\n","protected":false},"excerpt":{"rendered":"<p>\u0160okolaadimassaa\u017e rikastab sind m\u00f5nusa energia- ja hea tuju annusega. See on sensuaalne massaa\u017e nii kehale kui\u00a0 vaimule. \u0160okolaadil on tugev rahustav m\u00f5ju, mis aitab peletada stressi ja tekitab \u00f5nnehormoone ning \u0161okolaadi\u00f5lil on\u00a0\u00a0\u00a0 samas niisutav toime, parandab ainevahetust, taastab ja toidab nahka. Niisutab, toidab, toniseerib nahka. Toidab nahka A ja E vitamiinidega. P\u00e4rast protseduuri on nahk [&hellip;]<\/p>\n","protected":false},"author":1,"featured_media":0,"parent":0,"menu_order":0,"comment_status":"closed","ping_status":"closed","template":"","meta":{"footnotes":""},"class_list":["post-236","page","type-page","status-publish","hentry"],"aioseo_notices":[],"_links":{"self":[{"href":"https:\/\/www.saaremassaaz.ee\/index.php?rest_route=\/wp\/v2\/pages\/236","targetHints":{"allow":["GET"]}}],"collection":[{"href":"https:\/\/www.saaremassaaz.ee\/index.php?rest_route=\/wp\/v2\/pages"}],"about":[{"href":"https:\/\/www.saaremassaaz.ee\/index.php?rest_route=\/wp\/v2\/types\/page"}],"author":[{"embeddable":true,"href":"https:\/\/www.saaremassaaz.ee\/index.php?rest_route=\/wp\/v2\/users\/1"}],"replies":[{"embeddable":true,"href":"https:\/\/www.saaremassaaz.ee\/index.php?rest_route=%2Fwp%2Fv2%2Fcomments&post=236"}],"version-history":[{"count":10,"href":"https:\/\/www.saaremassaaz.ee\/index.php?rest_route=\/wp\/v2\/pages\/236\/revisions"}],"predecessor-version":[{"id":378,"href":"https:\/\/www.saaremassaaz.ee\/index.php?rest_route=\/wp\/v2\/pages\/236\/revisions\/378"}],"wp:attachment":[{"href":"https:\/\/www.saaremassaaz.ee\/index.php?rest_route=%2Fwp%2Fv2%2Fmedia&parent=236"}],"curies":[{"name":"wp","href":"https:\/\/api.w.org\/{rel}","templated":true}]}}