{"id":246,"date":"2015-02-04T16:10:16","date_gmt":"2015-02-04T14:10:16","guid":{"rendered":"http:\/\/www.saaremassaaz.ee\/?page_id=246"},"modified":"2015-02-06T11:04:26","modified_gmt":"2015-02-06T09:04:26","slug":"pedikuur","status":"publish","type":"page","link":"https:\/\/www.saaremassaaz.ee\/?page_id=246","title":{"rendered":"PEDIK\u00dc\u00dcR"},"content":{"rendered":"<p><span style=\"color: #008000;\">Tervetel ja hoolitsetud jalgadel on v\u00e4ga oluline roll<a style=\"color: #008000;\" href=\"https:\/\/www.saaremassaaz.ee\/wp-content\/uploads\/2015\/02\/PEDIKUUR.jpg\"><img loading=\"lazy\" decoding=\"async\" class=\"alignright size-medium wp-image-273\" src=\"https:\/\/www.saaremassaaz.ee\/wp-content\/uploads\/2015\/02\/PEDIKUUR-300x225.jpg\" alt=\"PEDIKUUR\" width=\"300\" height=\"225\" srcset=\"https:\/\/www.saaremassaaz.ee\/wp-content\/uploads\/2015\/02\/PEDIKUUR-300x225.jpg 300w, https:\/\/www.saaremassaaz.ee\/wp-content\/uploads\/2015\/02\/PEDIKUUR.jpg 1024w\" sizes=\"auto, (max-width: 300px) 100vw, 300px\" \/><\/a><\/span><br \/>\n<span style=\"color: #008000;\"> nii naiste kui meeste tervilikus seisundis.<\/span><br \/>\n<span style=\"color: #008000;\"> Pedik\u00fc\u00fcr pole mitte lihtsalt k\u00fc\u00fcnte vormikujundamine ja v\u00e4rvimine,<\/span><br \/>\n<span style=\"color: #008000;\"> vaid terve jalgade ja taldade hooldamise s\u00fcsteem.<\/span><br \/>\n<span style=\"color: #008000;\"> Regulaarne pedik\u00fc\u00fcr aitab hoida varba &#8211; ning p\u00f6ianaha tervena.<\/span><br \/>\n<span style=\"color: #008000;\"> Pedik\u00fc\u00fcri alla k\u00e4ivad p\u00f6idade k\u00f5vaksmuutunud naha pehmendamine,<\/span><br \/>\n<span style=\"color: #008000;\"> nahapinna k\u00e4rbunud pealiskihi eemaldamine,<\/span><br \/>\n<span style=\"color: #008000;\"> sissekasvanud k\u00fc\u00fcnte ja kamarnaha t\u00f6\u00f6tlemine<\/span><br \/>\n<span style=\"color: #008000;\"> konnasilmade ravi. Lisaks ka p\u00f6idade ja taldade massaa\u017e.<\/span><\/p>\n<p><span style=\"color: #008000;\">Tallanahas on palju bioloogiliselt aktiivseid punkte &#8211; n\u00e4rvil\u00f5pmeid.<\/span><br \/>\n<span style=\"color: #008000;\"> Neid massaa\u017eiga stimuleerides t\u00f5useb kogu organismi toonus.<\/span><br \/>\n<span style=\"color: #008000;\"> T\u00e4nap\u00e4eva pedik\u00fc\u00fcr on v\u00e4ga meeldiv-m\u00f5nus protseduur. Pedik\u00fc\u00fcri j\u00e4rel tunneme end, nagu oleksime uuesti s\u00fcndinud!<\/span><br \/>\n<span style=\"color: #008000;\"> Selleks, et Teie jalakesed oleksid alati \u00fcliheas seisundis, soovitavad spetsialistid regulaarset pedik\u00fc\u00fcri.<\/span><\/p>\n","protected":false},"excerpt":{"rendered":"<p>Tervetel ja hoolitsetud jalgadel on v\u00e4ga oluline roll nii naiste kui meeste tervilikus seisundis. Pedik\u00fc\u00fcr pole mitte lihtsalt k\u00fc\u00fcnte vormikujundamine ja v\u00e4rvimine, vaid terve jalgade ja taldade hooldamise s\u00fcsteem. Regulaarne pedik\u00fc\u00fcr aitab hoida varba &#8211; ning p\u00f6ianaha tervena. Pedik\u00fc\u00fcri alla k\u00e4ivad p\u00f6idade k\u00f5vaksmuutunud naha pehmendamine, nahapinna k\u00e4rbunud pealiskihi eemaldamine, sissekasvanud k\u00fc\u00fcnte ja kamarnaha t\u00f6\u00f6tlemine konnasilmade [&hellip;]<\/p>\n","protected":false},"author":1,"featured_media":0,"parent":0,"menu_order":0,"comment_status":"closed","ping_status":"closed","template":"","meta":{"footnotes":""},"class_list":["post-246","page","type-page","status-publish","hentry"],"aioseo_notices":[],"_links":{"self":[{"href":"https:\/\/www.saaremassaaz.ee\/index.php?rest_route=\/wp\/v2\/pages\/246","targetHints":{"allow":["GET"]}}],"collection":[{"href":"https:\/\/www.saaremassaaz.ee\/index.php?rest_route=\/wp\/v2\/pages"}],"about":[{"href":"https:\/\/www.saaremassaaz.ee\/index.php?rest_route=\/wp\/v2\/types\/page"}],"author":[{"embeddable":true,"href":"https:\/\/www.saaremassaaz.ee\/index.php?rest_route=\/wp\/v2\/users\/1"}],"replies":[{"embeddable":true,"href":"https:\/\/www.saaremassaaz.ee\/index.php?rest_route=%2Fwp%2Fv2%2Fcomments&post=246"}],"version-history":[{"count":5,"href":"https:\/\/www.saaremassaaz.ee\/index.php?rest_route=\/wp\/v2\/pages\/246\/revisions"}],"predecessor-version":[{"id":383,"href":"https:\/\/www.saaremassaaz.ee\/index.php?rest_route=\/wp\/v2\/pages\/246\/revisions\/383"}],"wp:attachment":[{"href":"https:\/\/www.saaremassaaz.ee\/index.php?rest_route=%2Fwp%2Fv2%2Fmedia&parent=246"}],"curies":[{"name":"wp","href":"https:\/\/api.w.org\/{rel}","templated":true}]}}