{"id":248,"date":"2015-02-04T16:11:06","date_gmt":"2015-02-04T14:11:06","guid":{"rendered":"http:\/\/www.saaremassaaz.ee\/?page_id=248"},"modified":"2015-02-06T11:06:00","modified_gmt":"2015-02-06T09:06:00","slug":"kulmude-korrigeeriminemodelleerimine","status":"publish","type":"page","link":"https:\/\/www.saaremassaaz.ee\/?page_id=248","title":{"rendered":"KULMUDE KORRIGEERIMINE\/MODELLEERIMINE"},"content":{"rendered":"<p style=\"text-align: left;\"><img loading=\"lazy\" decoding=\"async\" class=\" size-medium wp-image-275 alignright\" src=\"https:\/\/www.saaremassaaz.ee\/wp-content\/uploads\/2015\/02\/KULMUD-RIPSMED-MANICURE-300x225.jpg\" alt=\"KULMUD-RIPSMED-MANICURE\" width=\"300\" height=\"225\" srcset=\"https:\/\/www.saaremassaaz.ee\/wp-content\/uploads\/2015\/02\/KULMUD-RIPSMED-MANICURE-300x225.jpg 300w, https:\/\/www.saaremassaaz.ee\/wp-content\/uploads\/2015\/02\/KULMUD-RIPSMED-MANICURE.jpg 1024w\" sizes=\"auto, (max-width: 300px) 100vw, 300px\" \/><span style=\"color: #008000;\">S\u00f5ltuvalt karvakasvu kiirusest p\u00fcsib tulemus ligi kuu aega.<\/span><br \/>\n<span style=\"color: #008000;\"> Protseduur sisaldab kulmude v\u00e4rvimist ja piiramist,<\/span><br \/>\n<span style=\"color: #008000;\"> samuti joonistatakse v\u00e4lja kulmu kontuur ning eemaldatakse<\/span><br \/>\n<span style=\"color: #008000;\"> pintsettide abil k\u00f5ik liigsed karvad.<\/span><br \/>\n<span style=\"color: #008000;\"> Kui teie kulmukarvad on eriti tugevad ja paksud, siis on efektsed kulmud teile tagatud!<\/span><br \/>\n<span style=\"color: #008000;\"> Kaunite silmade nimel: Ripsmete-kulmude v\u00e4rvimine on mugav v\u00f5imalus pilku elavamaks muuta, ning teeb elu lihtsamaks.<\/span><br \/>\n<span style=\"color: #008000;\"> Ripsmete v\u00e4rvimine v\u00f5tab aega umbes<\/span><br \/>\n<span style=\"color: #008000;\"> 10\u201315 minutit ja kulmude v\u00e4rvimine 5-10 minutit, peale kulmude korrigeerimist muutub pilk eriti kauniks !<\/span><\/p>\n<p>&nbsp;<\/p>\n","protected":false},"excerpt":{"rendered":"<p>S\u00f5ltuvalt karvakasvu kiirusest p\u00fcsib tulemus ligi kuu aega. Protseduur sisaldab kulmude v\u00e4rvimist ja piiramist, samuti joonistatakse v\u00e4lja kulmu kontuur ning eemaldatakse pintsettide abil k\u00f5ik liigsed karvad. Kui teie kulmukarvad on eriti tugevad ja paksud, siis on efektsed kulmud teile tagatud! Kaunite silmade nimel: Ripsmete-kulmude v\u00e4rvimine on mugav v\u00f5imalus pilku elavamaks muuta, ning teeb elu lihtsamaks. [&hellip;]<\/p>\n","protected":false},"author":1,"featured_media":0,"parent":0,"menu_order":0,"comment_status":"closed","ping_status":"closed","template":"","meta":{"footnotes":""},"class_list":["post-248","page","type-page","status-publish","hentry"],"aioseo_notices":[],"_links":{"self":[{"href":"https:\/\/www.saaremassaaz.ee\/index.php?rest_route=\/wp\/v2\/pages\/248","targetHints":{"allow":["GET"]}}],"collection":[{"href":"https:\/\/www.saaremassaaz.ee\/index.php?rest_route=\/wp\/v2\/pages"}],"about":[{"href":"https:\/\/www.saaremassaaz.ee\/index.php?rest_route=\/wp\/v2\/types\/page"}],"author":[{"embeddable":true,"href":"https:\/\/www.saaremassaaz.ee\/index.php?rest_route=\/wp\/v2\/users\/1"}],"replies":[{"embeddable":true,"href":"https:\/\/www.saaremassaaz.ee\/index.php?rest_route=%2Fwp%2Fv2%2Fcomments&post=248"}],"version-history":[{"count":7,"href":"https:\/\/www.saaremassaaz.ee\/index.php?rest_route=\/wp\/v2\/pages\/248\/revisions"}],"predecessor-version":[{"id":385,"href":"https:\/\/www.saaremassaaz.ee\/index.php?rest_route=\/wp\/v2\/pages\/248\/revisions\/385"}],"wp:attachment":[{"href":"https:\/\/www.saaremassaaz.ee\/index.php?rest_route=%2Fwp%2Fv2%2Fmedia&parent=248"}],"curies":[{"name":"wp","href":"https:\/\/api.w.org\/{rel}","templated":true}]}}