{"id":250,"date":"2015-02-04T16:12:23","date_gmt":"2015-02-04T14:12:23","guid":{"rendered":"http:\/\/www.saaremassaaz.ee\/?page_id=250"},"modified":"2015-02-06T11:45:05","modified_gmt":"2015-02-06T09:45:05","slug":"koduvisiit-2","status":"publish","type":"page","link":"https:\/\/www.saaremassaaz.ee\/?page_id=250","title":{"rendered":"KODUVISIIT"},"content":{"rendered":"<p><span style=\"color: #008000;\">Manik\u00fc\u00fcr &#8211; Viilimine, k\u00fc\u00fcnenahakade korrastamine,<img loading=\"lazy\" decoding=\"async\" class=\"alignright size-medium wp-image-277\" src=\"https:\/\/www.saaremassaaz.ee\/wp-content\/uploads\/2015\/02\/koduvisiit-300x225.jpg\" alt=\"koduvisiit\" width=\"300\" height=\"225\" srcset=\"https:\/\/www.saaremassaaz.ee\/wp-content\/uploads\/2015\/02\/koduvisiit-300x225.jpg 300w, https:\/\/www.saaremassaaz.ee\/wp-content\/uploads\/2015\/02\/koduvisiit.jpg 1024w\" sizes=\"auto, (max-width: 300px) 100vw, 300px\" \/><\/span><br \/>\n<span style=\"color: #008000;\"> kreemitamine ja lakkimine.<\/span><br \/>\n<span style=\"color: #008000;\"> Pedik\u00fc\u00fcr &#8211;<span style=\"color: #008000;\">J<\/span>alavann, raspeldamine, viilimine,<\/span><br \/>\n<span style=\"color: #008000;\"> k\u00fc\u00fcnenahkade korrastamine, k\u00fc\u00fcnetaskute puhastamine,<\/span><br \/>\n<span style=\"color: #008000;\"> kreemitamine ja lakkimine.<\/span><\/p>\n<p>&nbsp;<\/p>\n","protected":false},"excerpt":{"rendered":"<p>Manik\u00fc\u00fcr &#8211; Viilimine, k\u00fc\u00fcnenahakade korrastamine, kreemitamine ja lakkimine. Pedik\u00fc\u00fcr &#8211;Jalavann, raspeldamine, viilimine, k\u00fc\u00fcnenahkade korrastamine, k\u00fc\u00fcnetaskute puhastamine, kreemitamine ja lakkimine. &nbsp;<\/p>\n","protected":false},"author":1,"featured_media":0,"parent":0,"menu_order":0,"comment_status":"closed","ping_status":"closed","template":"","meta":{"footnotes":""},"class_list":["post-250","page","type-page","status-publish","hentry"],"aioseo_notices":[],"_links":{"self":[{"href":"https:\/\/www.saaremassaaz.ee\/index.php?rest_route=\/wp\/v2\/pages\/250","targetHints":{"allow":["GET"]}}],"collection":[{"href":"https:\/\/www.saaremassaaz.ee\/index.php?rest_route=\/wp\/v2\/pages"}],"about":[{"href":"https:\/\/www.saaremassaaz.ee\/index.php?rest_route=\/wp\/v2\/types\/page"}],"author":[{"embeddable":true,"href":"https:\/\/www.saaremassaaz.ee\/index.php?rest_route=\/wp\/v2\/users\/1"}],"replies":[{"embeddable":true,"href":"https:\/\/www.saaremassaaz.ee\/index.php?rest_route=%2Fwp%2Fv2%2Fcomments&post=250"}],"version-history":[{"count":6,"href":"https:\/\/www.saaremassaaz.ee\/index.php?rest_route=\/wp\/v2\/pages\/250\/revisions"}],"predecessor-version":[{"id":388,"href":"https:\/\/www.saaremassaaz.ee\/index.php?rest_route=\/wp\/v2\/pages\/250\/revisions\/388"}],"wp:attachment":[{"href":"https:\/\/www.saaremassaaz.ee\/index.php?rest_route=%2Fwp%2Fv2%2Fmedia&parent=250"}],"curies":[{"name":"wp","href":"https:\/\/api.w.org\/{rel}","templated":true}]}}