{"id":86,"date":"2015-02-02T18:36:13","date_gmt":"2015-02-02T16:36:13","guid":{"rendered":"http:\/\/194.126.113.144\/~saar\/?page_id=86"},"modified":"2025-12-21T21:04:52","modified_gmt":"2025-12-21T19:04:52","slug":"esileht","status":"publish","type":"page","link":"https:\/\/www.saaremassaaz.ee\/","title":{"rendered":"Meist"},"content":{"rendered":"<p><strong><span style=\"color: #993366;\"><a style=\"color: #993366;\" title=\"Saaremassaa\u017e o\u00fc asukoht\" href=\"https:\/\/www.google.ee\/maps\/place\/Saaremassaa%C5%BE+o%C3%BC\/@58.252337,22.479478,17z\/data=!3m1!4b1!4m2!3m1!1s0x0:0x5b39632c396b067e\" target=\"_blank\" rel=\"noopener\">O\u00dc Saaremassaa\u017e<\/a><\/span><\/strong><\/p>\n<p><img loading=\"lazy\" decoding=\"async\" class=\"alignright size-medium wp-image-115\" src=\"https:\/\/www.saaremassaaz.ee\/wp-content\/uploads\/2015\/02\/saare.massaaz.tere_1-300x225.jpg\" alt=\"saare.massaaz.tere\" width=\"300\" height=\"225\" srcset=\"https:\/\/www.saaremassaaz.ee\/wp-content\/uploads\/2015\/02\/saare.massaaz.tere_1-300x225.jpg 300w, https:\/\/www.saaremassaaz.ee\/wp-content\/uploads\/2015\/02\/saare.massaaz.tere_1.jpg 1024w\" sizes=\"auto, (max-width: 300px) 100vw, 300px\" \/><span style=\"color: #008000;\">Alustas oma tegevust 2013 a. kevadel\u00a0<\/span><span style=\"color: #008000;\">Kuressaares<\/span>.<span style=\"color: #008000;\"><br \/>Meie eesm\u00e4rgiks on parandada kliendi elukvaliteeti,<\/span><br \/><span style=\"color: #008000;\"> keha ja vaimu tervendamise kaudu.<\/span><br \/><span style=\"color: #008000;\"> Pakume teenust l\u00e4htuvalt kliendi vajadustest ja soovidest.<\/span><br \/><span style=\"color: #008000;\"> L\u00e4heneme igale kliendile personaalselt, pakkudes talle sobivaimat ravi- v\u00f5i l\u00f5\u00f5gastavat massaa\u017ei.<\/span><\/p>\n<p><span style=\"color: #008000;\">\u00a0<\/span><span style=\"color: #008000;\">NB ! Teid aitab Saaremaal Kuressaare professionaalne ja heade k\u00e4tega \u00fcle 20. aastase kogemusega diplomeeritud mass\u00f6\u00f6r!<\/span><br \/><span style=\"color: #008000;\"> Lisaks pakutakse pedik\u00fc\u00fcri, <span style=\"color: #008000;\">k<\/span>ulmude korrigeerimist ja v\u00e4rvimist!<\/span><\/p>\n<p><span style=\"color: #008000;\">Olete oodatud ! <\/span><\/p>\n<p><span style=\"color: #008000;\">Olemas t\u00e4htajatu kutsetunnistus mass\u00f6\u00f6r 5 tase. <\/span><\/p>\n<p><a href=\"https:\/\/app.stebby.eu\/group\/saaremassaaz.oy\">https:\/\/app.stebby.eu\/group\/saaremassaaz.oy<\/a>\u00a0<\/p>\n\n\n<p><\/p>\n","protected":false},"excerpt":{"rendered":"<p>O\u00dc Saaremassaa\u017e Alustas oma tegevust 2013 a. kevadel\u00a0Kuressaares.Meie eesm\u00e4rgiks on parandada kliendi elukvaliteeti, keha ja vaimu tervendamise kaudu. Pakume teenust l\u00e4htuvalt kliendi vajadustest ja soovidest. L\u00e4heneme igale kliendile personaalselt, pakkudes talle sobivaimat ravi- v\u00f5i l\u00f5\u00f5gastavat massaa\u017ei. \u00a0NB ! Teid aitab Saaremaal Kuressaare professionaalne ja heade k\u00e4tega \u00fcle 20. aastase kogemusega diplomeeritud mass\u00f6\u00f6r! Lisaks pakutakse pedik\u00fc\u00fcri, [&hellip;]<\/p>\n","protected":false},"author":1,"featured_media":0,"parent":0,"menu_order":0,"comment_status":"closed","ping_status":"closed","template":"","meta":{"footnotes":""},"class_list":["post-86","page","type-page","status-publish","hentry"],"aioseo_notices":[],"_links":{"self":[{"href":"https:\/\/www.saaremassaaz.ee\/index.php?rest_route=\/wp\/v2\/pages\/86","targetHints":{"allow":["GET"]}}],"collection":[{"href":"https:\/\/www.saaremassaaz.ee\/index.php?rest_route=\/wp\/v2\/pages"}],"about":[{"href":"https:\/\/www.saaremassaaz.ee\/index.php?rest_route=\/wp\/v2\/types\/page"}],"author":[{"embeddable":true,"href":"https:\/\/www.saaremassaaz.ee\/index.php?rest_route=\/wp\/v2\/users\/1"}],"replies":[{"embeddable":true,"href":"https:\/\/www.saaremassaaz.ee\/index.php?rest_route=%2Fwp%2Fv2%2Fcomments&post=86"}],"version-history":[{"count":54,"href":"https:\/\/www.saaremassaaz.ee\/index.php?rest_route=\/wp\/v2\/pages\/86\/revisions"}],"predecessor-version":[{"id":764,"href":"https:\/\/www.saaremassaaz.ee\/index.php?rest_route=\/wp\/v2\/pages\/86\/revisions\/764"}],"wp:attachment":[{"href":"https:\/\/www.saaremassaaz.ee\/index.php?rest_route=%2Fwp%2Fv2%2Fmedia&parent=86"}],"curies":[{"name":"wp","href":"https:\/\/api.w.org\/{rel}","templated":true}]}}